{"id":9881,"date":"2025-07-23T10:05:05","date_gmt":"2025-07-23T10:05:05","guid":{"rendered":"https:\/\/lightgrey-clam-602469.hostingersite.com\/datenschutzerklaerung\/"},"modified":"2025-09-25T12:34:26","modified_gmt":"2025-09-25T12:34:26","slug":"datenschutzerklaerung","status":"publish","type":"page","link":"https:\/\/ist-haar.com\/de\/datenschutzerklaerung\/","title":{"rendered":"Datenschutzerkl\u00e4rung"},"content":{"rendered":"\t\t<div data-elementor-type=\"wp-page\" data-elementor-id=\"9881\" class=\"elementor elementor-9881 elementor-775\" data-elementor-post-type=\"page\">\n\t\t\t\t<div class=\"elementor-element elementor-element-d0bb4e7 e-flex e-con-boxed e-con e-parent\" data-id=\"d0bb4e7\" data-element_type=\"container\" data-settings=\"{&quot;background_background&quot;:&quot;classic&quot;}\">\n\t\t\t\t\t<div class=\"e-con-inner\">\n\t\t\t\t<div class=\"elementor-element elementor-element-e7816b1 elementor-widget elementor-widget-heading\" data-id=\"e7816b1\" data-element_type=\"widget\" data-widget_type=\"heading.default\">\n\t\t\t\t\t<h1 class=\"elementor-heading-title elementor-size-default\"> Datenschutzerkl\u00e4rung<\/h1>\t\t\t\t<\/div>\n\t\t\t\t\t<\/div>\n\t\t\t\t<\/div>\n\t\t<div class=\"elementor-element elementor-element-910031f e-flex e-con-boxed e-con e-parent\" data-id=\"910031f\" data-element_type=\"container\">\n\t\t\t\t\t<div class=\"e-con-inner\">\n\t\t\t\t<div class=\"elementor-element elementor-element-59233b7 elementor-widget elementor-widget-text-editor\" data-id=\"59233b7\" data-element_type=\"widget\" data-widget_type=\"text-editor.default\">\n\t\t\t\t\t\t\t\t\t<p data-start=\"2698\" data-end=\"2767\"><strong data-start=\"2698\" data-end=\"2717\">Datum des Inkrafttretens:<\/strong> 23. Juli 2025<br data-start=\"2731\" data-end=\"2734\" \/><strong data-start=\"2734\" data-end=\"2751\">Zuletzt aktualisiert:<\/strong> 23. Juli 2025<\/p><p data-start=\"2769\" data-end=\"3040\"><strong data-start=\"278\" data-end=\"290\">IST-HAAR<\/strong> (\u201ewir\u201c, \u201eunser\u201c oder \u201euns\u201c) respektiert Ihre Privatsph\u00e4re und verpflichtet sich, die pers\u00f6nlichen Informationen, die Sie mit uns teilen, zu sch\u00fctzen. Diese Datenschutzerkl\u00e4rung beschreibt, wie wir Ihre Daten erfassen, verwenden und sch\u00fctzen, wenn Sie unsere Website <span style=\"color: #339966;\">https:\/\/yellowgreen-gorilla883043.hostingersite.com\/<\/span>\u00a0 besuchen.<\/p><hr data-start=\"4291\" data-end=\"4294\" \/><h3><strong>1. <\/strong><span style=\"font-weight: 400;\"><strong>Verantwortlicher<\/strong><br \/><\/span><\/h3><p>Verantwortlich f\u00fcr die Verarbeitung personenbezogener Daten im Sinne der Datenschutz-Grundverordnung (DSGVO) ist:<\/p><p>IST-HAAR<br \/>Enenkelstra\u00dfe 24, 1160 Wien, \u00d6sterreich<br \/>+43 664 533 9109<br \/>info@ist-haar.com<\/p><h3>2. Zwecke der Datenverarbeitung<\/h3><p>Wir verarbeiten personenbezogene Daten ausschlie\u00dflich zum Zweck der Vermittlung von Haartransplantationen und damit verbundenen Leistungen (z. B. Hotelbuchungen, Transfers).<br \/>Die Datenverarbeitung umfasst insbesondere:<br \/>&#8211; Weiterleitung von Patientenangaben und Fotos an die jeweilige Klinik zur Behandlungsplanung,<br \/>&#8211; Organisation von Terminen, Hotels und Transfers,<br \/>&#8211; Kommunikation mit Kunden im Rahmen der Vermittlung.<\/p><h3>3. Arten der verarbeiteten Daten<\/h3><p>Wir verarbeiten insbesondere folgende Kategorien personenbezogener Daten:<br \/>&#8211; Kontaktdaten (Name, Anschrift, Telefonnummer, E-Mail),<br \/>&#8211; Reisedaten (z. B. gew\u00fcnschte Aufenthaltsdauer, Flugzeiten),<br \/>&#8211; Gesundheitsdaten (Fotos, medizinische Vorerkrankungen, Allergien, relevante Gesundheitsinformationen).<\/p><h3>4. Rechtsgrundlagen<\/h3><p>&#8211; Art. 6 Abs. 1 lit. b DSGVO (Vertragsdurchf\u00fchrung),<br \/>&#8211; Art. 6 Abs. 1 lit. f DSGVO (berechtigtes Interesse an einer effizienten Abwicklung),<br \/>&#8211; Art. 9 Abs. 2 lit. a DSGVO (ausdr\u00fcckliche Einwilligung zur Verarbeitung besonderer Kategorien personenbezogener Daten, insbesondere Gesundheitsdaten).<\/p><h3>5. Weitergabe von Daten<\/h3><p>Zur Vertragserf\u00fcllung werden personenbezogene Daten ausschlie\u00dflich an die jeweils beteiligten Dienstleister weitergegeben (z. B. Klinik, Hotel, Transferdienste).<br \/>Da eine Daten\u00fcbermittlung in die T\u00fcrkei stattfindet, haben wir mit den Partnern EU-Standardvertragsklauseln abgeschlossen, um ein angemessenes Datenschutzniveau zu gew\u00e4hrleisten.<\/p><h3>6. Speicherdauer<\/h3><p>Personenbezogene Daten werden nur so lange gespeichert, wie dies zur Erf\u00fcllung des Vermittlungsvertrages erforderlich ist.<br \/>&#8211; Nach vollst\u00e4ndiger Vertragsabwicklung werden die Daten gesperrt und sp\u00e4testens nach Ablauf gesetzlicher Aufbewahrungsfristen gel\u00f6scht.<br \/>&#8211; Gesundheitsdaten werden unmittelbar nach Abschluss der Behandlung gel\u00f6scht, sofern keine gesetzlichen Aufbewahrungspflichten bestehen oder keine ausdr\u00fcckliche Einwilligung f\u00fcr eine l\u00e4ngere Speicherung erteilt wurde.<\/p><h3>7. Datensicherheit<\/h3><p>Wir treffen angemessene technische und organisatorische Sicherheitsma\u00dfnahmen, um personenbezogene Daten gegen Verlust, Manipulation, unbefugten Zugriff oder unbefugte Weitergabe zu sch\u00fctzen.<\/p><h3>8. Rechte der Betroffenen<\/h3><p>Betroffene Personen haben jederzeit das Recht:<br \/>&#8211; auf Auskunft \u00fcber die bei uns gespeicherten personenbezogenen Daten (Art. 15 DSGVO),<br \/>&#8211; auf Berichtigung unrichtiger Daten (Art. 16 DSGVO),<br \/>&#8211; auf L\u00f6schung ihrer Daten (Art. 17 DSGVO),<br \/>&#8211; auf Einschr\u00e4nkung der Verarbeitung (Art. 18 DSGVO),<br \/>&#8211; auf Daten\u00fcbertragbarkeit (Art. 20 DSGVO),<br \/>&#8211; auf Widerspruch gegen die Verarbeitung (Art. 21 DSGVO),<br \/>&#8211; auf Beschwerde bei der zust\u00e4ndigen Datenschutzbeh\u00f6rde (Art. 77 DSGVO).<\/p><h3>9. Widerruf der Einwilligung<\/h3><p>Eine erteilte Einwilligung in die Verarbeitung von Gesundheitsdaten kann jederzeit mit Wirkung f\u00fcr die Zukunft widerrufen werden.<\/p><h3>10. Kontakt<\/h3><p>Bei Fragen zur Erhebung, Verarbeitung oder Nutzung personenbezogener Daten oder zur Aus\u00fcbung Ihrer Rechte wenden Sie sich bitte an:<\/p><p><strong>IST-HAAR<\/strong><br \/>Enenkelstra\u00dfe 24, 1160 Wien, \u00d6sterreich<br \/>+43 664 533 9109<br \/>info@ist-haar.com<\/p>\t\t\t\t\t\t\t\t<\/div>\n\t\t\t\t\t<\/div>\n\t\t\t\t<\/div>\n\t\t\t\t<\/div>\n\t\t","protected":false},"excerpt":{"rendered":"<p>Datenschutzerkl\u00e4rung Datum des Inkrafttretens: 23. Juli 2025Zuletzt aktualisiert: 23. Juli 2025 IST-HAAR (\u201ewir\u201c, \u201eunser\u201c oder \u201euns\u201c) respektiert Ihre Privatsph\u00e4re und verpflichtet sich, die pers\u00f6nlichen Informationen, die Sie mit uns teilen, zu sch\u00fctzen. Diese Datenschutzerkl\u00e4rung beschreibt, wie wir Ihre Daten erfassen, verwenden und sch\u00fctzen, wenn Sie unsere Website https:\/\/yellowgreen-gorilla883043.hostingersite.com\/\u00a0 besuchen. 1. Verantwortlicher Verantwortlich f\u00fcr die Verarbeitung [&hellip;]<\/p>\n","protected":false},"author":2,"featured_media":0,"parent":0,"menu_order":0,"comment_status":"closed","ping_status":"closed","template":"","meta":{"footnotes":""},"class_list":["post-9881","page","type-page","status-publish","hentry"],"_links":{"self":[{"href":"https:\/\/ist-haar.com\/de\/wp-json\/wp\/v2\/pages\/9881","targetHints":{"allow":["GET"]}}],"collection":[{"href":"https:\/\/ist-haar.com\/de\/wp-json\/wp\/v2\/pages"}],"about":[{"href":"https:\/\/ist-haar.com\/de\/wp-json\/wp\/v2\/types\/page"}],"author":[{"embeddable":true,"href":"https:\/\/ist-haar.com\/de\/wp-json\/wp\/v2\/users\/2"}],"replies":[{"embeddable":true,"href":"https:\/\/ist-haar.com\/de\/wp-json\/wp\/v2\/comments?post=9881"}],"version-history":[{"count":5,"href":"https:\/\/ist-haar.com\/de\/wp-json\/wp\/v2\/pages\/9881\/revisions"}],"predecessor-version":[{"id":17736,"href":"https:\/\/ist-haar.com\/de\/wp-json\/wp\/v2\/pages\/9881\/revisions\/17736"}],"wp:attachment":[{"href":"https:\/\/ist-haar.com\/de\/wp-json\/wp\/v2\/media?parent=9881"}],"curies":[{"name":"wp","href":"https:\/\/api.w.org\/{rel}","templated":true}]}}