{"id":9887,"date":"2025-07-23T09:38:46","date_gmt":"2025-07-23T09:38:46","guid":{"rendered":"https:\/\/lightgrey-clam-602469.hostingersite.com\/allgemeine-geschaeftsbedingungen\/"},"modified":"2025-10-08T09:38:56","modified_gmt":"2025-10-08T09:38:56","slug":"allgemeine-geschaeftsbedingungen","status":"publish","type":"page","link":"https:\/\/ist-haar.com\/de\/allgemeine-geschaeftsbedingungen\/","title":{"rendered":"Allgemeine Gesch\u00e4ftsbedingungen"},"content":{"rendered":"\t\t<div data-elementor-type=\"wp-page\" data-elementor-id=\"9887\" class=\"elementor elementor-9887 elementor-709\" data-elementor-post-type=\"page\">\n\t\t\t\t<div class=\"elementor-element elementor-element-44d566c e-flex e-con-boxed e-con e-parent\" data-id=\"44d566c\" data-element_type=\"container\" data-settings=\"{&quot;background_background&quot;:&quot;classic&quot;}\">\n\t\t\t\t\t<div class=\"e-con-inner\">\n\t\t\t\t<div class=\"elementor-element elementor-element-d20d0f9 elementor-widget elementor-widget-heading\" data-id=\"d20d0f9\" data-element_type=\"widget\" data-widget_type=\"heading.default\">\n\t\t\t\t\t<h1 class=\"elementor-heading-title elementor-size-default\">Allgemeine Gesch\u00e4ftsbedingungen<\/h1>\t\t\t\t<\/div>\n\t\t\t\t\t<\/div>\n\t\t\t\t<\/div>\n\t\t<div class=\"elementor-element elementor-element-910031f e-flex e-con-boxed e-con e-parent\" data-id=\"910031f\" data-element_type=\"container\">\n\t\t\t\t\t<div class=\"e-con-inner\">\n\t\t\t\t<div class=\"elementor-element elementor-element-9fee38c elementor-widget elementor-widget-text-editor\" data-id=\"9fee38c\" data-element_type=\"widget\" data-widget_type=\"text-editor.default\">\n\t\t\t\t\t\t\t\t\t<p data-start=\"2698\" data-end=\"2767\"><strong data-start=\"2698\" data-end=\"2717\">Datum des Inkrafttretens:<\/strong> Juli 23, 2025<br data-start=\"2731\" data-end=\"2734\" \/><strong data-start=\"2734\" data-end=\"2751\">Zuletzt aktualisiert:<\/strong> Juli 23, 2025<\/p><p data-start=\"2769\" data-end=\"3040\"><strong data-start=\"278\" data-end=\"290\">IST-HAAR<\/strong> (\u201ewir\u201c, \u201eunser\u201c oder \u201euns\u201c) respektiert Ihre Privatsph\u00e4re und verpflichtet sich, die personenbezogenen Daten, die Sie uns mitteilen, zu sch\u00fctzen. Diese Datenschutzerkl\u00e4rung beschreibt, wie wir Ihre Daten erfassen, verwenden und sch\u00fctzen, wenn Sie unsere Website besuchen. <a href=\"https:\/\/ist-haar.com\/\"><span style=\"color: #339966;\">https:\/\/ist-haar.com\/<\/span><\/a><\/p><hr data-start=\"4291\" data-end=\"4294\" \/><h3><strong>1. Geltungsbereich<br \/><\/strong><\/h3><p><span style=\"font-weight: 400;\">Diese Allgemeinen Gesch\u00e4ftsbedingungen (AGB) gelten f\u00fcr s\u00e4mtliche Vermittlungsleistungen, die von IST-HAAR gegen\u00fcber Kunden erbracht werden.<\/span><span style=\"font-weight: 400;\"><br \/><\/span><span style=\"font-weight: 400;\">IST-HAAR erbringt ausschlie\u00dflich Vermittlungsleistungen und tritt nicht selbst als Anbieter medizinischer, touristischer oder sonstiger Leistungen auf.<\/span><span style=\"font-weight: 400;\"><br \/><\/span><\/p><h3><strong> 2. Rolle von IST-HAAR<\/strong><\/h3><p>IST-HAAR vermittelt Kontakte und Leistungen zwischen Kunden und externen Leistungserbringern (z. B. Kliniken, Hotels, Transfer- oder Fluggesellschaften).<br \/>Die Durchf\u00fchrung der vermittelten Leistungen liegt ausschlie\u00dflich in der Verantwortung der jeweiligen Leistungserbringer.<\/p><p>&#8211; IST-HAAR ist kein Reiseveranstalter im Sinne des Pauschalreisegesetzes (PRG).<br \/>&#8211; Zwischen dem Kunden und IST-HAAR kommt kein Behandlungs- oder Reisevertrag zustande.<br \/>&#8211; Vertragspartner des Kunden sind ausschlie\u00dflich die vermittelten Kliniken, Hotels oder sonstigen Anbieter.<\/p><h3><strong>3. Leistungen von IST-HAAR<\/strong><\/h3><p>Die Vermittlungst\u00e4tigkeit umfasst insbesondere:<br \/>&#8211; Weiterleitung von Patientenangaben und Bildmaterial an die Klinik,<br \/>&#8211; Organisation von Terminen bei der Klinik,<br \/>&#8211; Unterst\u00fctzung bei der Hotelbuchung und ggf. Flughafentransfers.<\/p><p>Nicht Bestandteil der Leistungen von IST-HAAR sind:<br \/>&#8211; die \u00e4rztliche Beratung, Diagnose oder Durchf\u00fchrung medizinischer Eingriffe,<br \/>&#8211; die eigentliche Haartransplantation und alle medizinischen Nebenleistungen,<br \/>&#8211; die Durchf\u00fchrung von Hotel- oder Transferleistungen,<br \/>&#8211; Flugbuchungen oder Visaerteilungen.<\/p><h3><strong>4. Vertragsschluss<br \/><\/strong><\/h3><p>Mit der \u00dcbermittlung von Patientendaten an IST-HAAR erteilt der Kunde einen Auftrag zur Vermittlung.<br \/>Der Vertrag \u00fcber die gew\u00fcnschten Leistungen kommt erst durch die Annahme seitens des jeweiligen Leistungserbringers (z. B. Klinik, Hotel) zustande.<\/p><p>Mehrere vermittelte Einzelleistungen begr\u00fcnden keinen einheitlichen Reisevertrag mit IST-HAAR, auch wenn diese in zeitlichem Zusammenhang gebucht werden.<\/p><h3><strong>5. Zahlungen<br \/><\/strong><\/h3><p>&#8211; Der Kunde leistet keine Zahlungen an IST-HAAR.<br \/>&#8211; S\u00e4mtliche Kosten sind ausschlie\u00dflich direkt an die jeweiligen Leistungserbringer (Klinik, Hotel, Fluggesellschaft etc.) zu entrichten.<br \/>&#8211; IST-HAAR erh\u00e4lt eine Provision ausschlie\u00dflich von der Klinik und nicht vom Kunden.<\/p><h3><strong>6. Stornierungen<br \/><\/strong><\/h3><p>Der Kunde kann eine geplante Behandlung jederzeit schriftlich oder per E-Mail stornieren.<br \/>Eventuell entstehende Stornogeb\u00fchren oder Kosten, die von den jeweiligen Leistungserbringern geltend gemacht werden, tr\u00e4gt der Kunde selbst.<\/p><h3><strong>7. Haftung<br \/><\/strong><\/h3><p>&#8211; IST-HAAR haftet ausschlie\u00dflich f\u00fcr die ordnungsgem\u00e4\u00dfe Vermittlung.<br \/>&#8211; Eine Haftung f\u00fcr die Qualit\u00e4t, Durchf\u00fchrung oder den Erfolg der vermittelten Leistungen ist ausgeschlossen.<br \/>&#8211; Insbesondere \u00fcbernimmt IST-HAAR keine Haftung f\u00fcr:<br \/>&#8211; medizinische Behandlungen und deren Ergebnisse,<br \/>&#8211; Behandlungsfehler oder Komplikationen,<br \/>&#8211; Leistungen von Hotels, Transferdiensten oder Fluggesellschaften,<br \/>&#8211; Einreiseformalit\u00e4ten, Visa, Flugversp\u00e4tungen oder Reiseunterlagen.<br \/>&#8211; Eine Erfolgsgarantie hinsichtlich der medizinischen Behandlung wird ausdr\u00fccklich ausgeschlossen.<\/p><h3><strong>8. Einreisebestimmungen <\/strong><\/h3><p>Der Kunde ist selbst verantwortlich f\u00fcr die Einhaltung der geltenden Ein- und Ausreisebestimmungen der T\u00fcrkei, einschlie\u00dflich Visa- und Passregelungen.<\/p><h3><strong> 9. Datenschutz<br \/><\/strong><\/h3><p>Die Verarbeitung personenbezogener Daten erfolgt im Einklang mit der Datenschutz-Grundverordnung (DSGVO) und den geltenden t\u00fcrkischen Datenschutzgesetzen (KVKK).<br \/>&#8211; Es werden nur jene Daten erhoben, die f\u00fcr die Vermittlung erforderlich sind.<br \/>&#8211; Gesundheitsdaten werden nur mit ausdr\u00fccklicher Einwilligung verarbeitet.<br \/>&#8211; Eine Weitergabe erfolgt ausschlie\u00dflich an die zur Vertragserf\u00fcllung erforderlichen Leistungserbringer (Klinik, Hotel etc.).<br \/>&#8211; Der Kunde hat jederzeit das Recht auf Auskunft, Berichtigung, L\u00f6schung, Einschr\u00e4nkung der Verarbeitung sowie Widerspruch gem\u00e4\u00df DSGVO.<\/p><h3><strong>10. Anwendbares Recht und Gerichtsstand<\/strong><\/h3><p>Es gilt \u00f6sterreichisches Recht unter Ausschluss des UN-Kaufrechts.<br \/>Gerichtsstand f\u00fcr s\u00e4mtliche Streitigkeiten aus oder im Zusammenhang mit diesen AGB ist Wien, \u00d6sterreich.<\/p>\t\t\t\t\t\t\t\t<\/div>\n\t\t\t\t\t<\/div>\n\t\t\t\t<\/div>\n\t\t\t\t<\/div>\n\t\t","protected":false},"excerpt":{"rendered":"<p>Allgemeine Gesch\u00e4ftsbedingungen Datum des Inkrafttretens: Juli 23, 2025Zuletzt aktualisiert: Juli 23, 2025 IST-HAAR (\u201ewir\u201c, \u201eunser\u201c oder \u201euns\u201c) respektiert Ihre Privatsph\u00e4re und verpflichtet sich, die personenbezogenen Daten, die Sie uns mitteilen, zu sch\u00fctzen. Diese Datenschutzerkl\u00e4rung beschreibt, wie wir Ihre Daten erfassen, verwenden und sch\u00fctzen, wenn Sie unsere Website besuchen. https:\/\/ist-haar.com\/ 1. Geltungsbereich Diese Allgemeinen Gesch\u00e4ftsbedingungen (AGB) [&hellip;]<\/p>\n","protected":false},"author":2,"featured_media":0,"parent":0,"menu_order":0,"comment_status":"closed","ping_status":"closed","template":"","meta":{"footnotes":""},"class_list":["post-9887","page","type-page","status-publish","hentry"],"_links":{"self":[{"href":"https:\/\/ist-haar.com\/de\/wp-json\/wp\/v2\/pages\/9887","targetHints":{"allow":["GET"]}}],"collection":[{"href":"https:\/\/ist-haar.com\/de\/wp-json\/wp\/v2\/pages"}],"about":[{"href":"https:\/\/ist-haar.com\/de\/wp-json\/wp\/v2\/types\/page"}],"author":[{"embeddable":true,"href":"https:\/\/ist-haar.com\/de\/wp-json\/wp\/v2\/users\/2"}],"replies":[{"embeddable":true,"href":"https:\/\/ist-haar.com\/de\/wp-json\/wp\/v2\/comments?post=9887"}],"version-history":[{"count":5,"href":"https:\/\/ist-haar.com\/de\/wp-json\/wp\/v2\/pages\/9887\/revisions"}],"predecessor-version":[{"id":19769,"href":"https:\/\/ist-haar.com\/de\/wp-json\/wp\/v2\/pages\/9887\/revisions\/19769"}],"wp:attachment":[{"href":"https:\/\/ist-haar.com\/de\/wp-json\/wp\/v2\/media?parent=9887"}],"curies":[{"name":"wp","href":"https:\/\/api.w.org\/{rel}","templated":true}]}}