{"id":9878,"date":"2025-07-23T10:05:05","date_gmt":"2025-07-23T10:05:05","guid":{"rendered":"https:\/\/lightgrey-clam-602469.hostingersite.com\/politika-privatnosti\/"},"modified":"2025-09-25T05:12:57","modified_gmt":"2025-09-25T05:12:57","slug":"politika-privatnosti","status":"publish","type":"page","link":"https:\/\/ist-haar.com\/hr\/politika-privatnosti\/","title":{"rendered":"Politika privatnosti"},"content":{"rendered":"\t\t<div data-elementor-type=\"wp-page\" data-elementor-id=\"9878\" class=\"elementor elementor-9878 elementor-775\" data-elementor-post-type=\"page\">\n\t\t\t\t<div class=\"elementor-element elementor-element-d0bb4e7 e-flex e-con-boxed e-con e-parent\" data-id=\"d0bb4e7\" data-element_type=\"container\" data-settings=\"{&quot;background_background&quot;:&quot;classic&quot;}\">\n\t\t\t\t\t<div class=\"e-con-inner\">\n\t\t\t\t<div class=\"elementor-element elementor-element-e7816b1 elementor-widget elementor-widget-heading\" data-id=\"e7816b1\" data-element_type=\"widget\" data-widget_type=\"heading.default\">\n\t\t\t\t\t<h1 class=\"elementor-heading-title elementor-size-default\">  Politika privatnosti<\/h1>\t\t\t\t<\/div>\n\t\t\t\t\t<\/div>\n\t\t\t\t<\/div>\n\t\t<div class=\"elementor-element elementor-element-910031f e-flex e-con-boxed e-con e-parent\" data-id=\"910031f\" data-element_type=\"container\">\n\t\t\t\t\t<div class=\"e-con-inner\">\n\t\t\t\t<div class=\"elementor-element elementor-element-59233b7 elementor-widget elementor-widget-text-editor\" data-id=\"59233b7\" data-element_type=\"widget\" data-widget_type=\"text-editor.default\">\n\t\t\t\t\t\t\t\t\t<p data-start=\"2698\" data-end=\"2767\"><strong data-start=\"2698\" data-end=\"2717\">Datum stupanja na snagu:<\/strong> 23. srpnja 2025.<br data-start=\"2731\" data-end=\"2734\" \/><strong data-start=\"2734\" data-end=\"2751\">Zadnje a\u017euriranje:<\/strong> 23. srpnja 2025.<\/p><p data-start=\"2769\" data-end=\"3040\"><strong data-start=\"278\" data-end=\"290\">IST HAAR<\/strong> (\u201emi\u201c, \u201ena\u0161\u201c ili \u201enas\u201c) po\u0161tuje va\u0161u privatnost i predan je za\u0161titi osobnih podataka koje dijelite s nama. Ova Politika privatnosti opisuje kako prikupljamo, koristimo i \u0161titimo va\u0161e podatke kada posjetite na\u0161u web stranicu <a href=\"https:\/\/ist-haar.com\/\"><span style=\"color: #339966;\">https:\/\/ist-haar.com\/<\/span><\/a><\/p><hr data-start=\"4291\" data-end=\"4294\" \/><h3 data-start=\"3047\" data-end=\"3072\">\u00a0<\/h3><h3 data-start=\"1093\" data-end=\"1127\">1. Kako koristimo va\u0161e podatke<\/h3><p data-start=\"1129\" data-end=\"1161\">Va\u0161i se podaci mogu koristiti za:<\/p><ul data-start=\"1163\" data-end=\"1342\"><li data-start=\"1163\" data-end=\"1205\"><p data-start=\"1165\" data-end=\"1205\">Zakazivanje termina ili konzultacija<\/p><\/li><li data-start=\"1206\" data-end=\"1268\"><p data-start=\"1208\" data-end=\"1268\">Komunikaciju s vama o uslugama, ponudama ili pra\u0107enjima<\/p><\/li><li data-start=\"1269\" data-end=\"1312\"><p data-start=\"1271\" data-end=\"1312\">Pobolj\u0161anje na\u0161e web stranice i kvalitete usluge<\/p><\/li><li data-start=\"1313\" data-end=\"1342\"><p data-start=\"1315\" data-end=\"1342\">Ispunjenje zakonskih obveza<\/p><\/li><\/ul><h3 data-start=\"1349\" data-end=\"1378\">2. Dijeljenje informacija<\/h3><p data-start=\"1380\" data-end=\"1451\">Mi ne prodajemo niti iznajmljujemo va\u0161e osobne podatke. Mo\u017eemo ih podijeliti sa:<\/p><ul data-start=\"1453\" data-end=\"1618\"><li data-start=\"1453\" data-end=\"1503\"><p data-start=\"1455\" data-end=\"1503\">Licenciranim medicinskim stru\u010dnjacima unutar IST HAAR-a<\/p><\/li><li data-start=\"1504\" data-end=\"1576\"><p data-start=\"1506\" data-end=\"1576\">Pouzdanim pru\u017eateljima usluga tre\u0107e strane (npr. web hosting, marketing)<\/p><\/li><li data-start=\"1577\" data-end=\"1618\"><p data-start=\"1579\" data-end=\"1618\">Pravnim tijelima, ako to zahtijeva zakon<\/p><\/li><\/ul><p data-start=\"1620\" data-end=\"1673\">Sve tre\u0107e strane obvezne su za\u0161tititi va\u0161e podatke.<\/p><h3 data-start=\"1680\" data-end=\"1695\">3. Sigurnost<\/h3><p data-start=\"1697\" data-end=\"1844\">Primjenjujemo tehni\u010dke i administrativne za\u0161titne mjere za za\u0161titu va\u0161ih podataka, uklju\u010duju\u0107i enkripciju, za\u0161titu vatrozidom i protokole ograni\u010denog pristupa.<\/p><h3 data-start=\"1851\" data-end=\"1865\">4. Kola\u010di\u0107i<\/h3><p data-start=\"1867\" data-end=\"1989\">Na\u0161a web stranica koristi kola\u010di\u0107e za pobolj\u0161anje va\u0161eg iskustva pregledavanja. Mo\u017eete odabrati onemogu\u0107avanje kola\u010di\u0107a putem postavki preglednika.<\/p><h3 data-start=\"1996\" data-end=\"2014\">5. Va\u0161a prava<\/h3><p data-start=\"2016\" data-end=\"2024\">Mo\u017eete:<\/p><ul data-start=\"2026\" data-end=\"2172\"><li data-start=\"2026\" data-end=\"2066\"><p data-start=\"2028\" data-end=\"2066\">Zatra\u017eiti pristup svojim osobnim podacima<\/p><\/li><li data-start=\"2067\" data-end=\"2105\"><p data-start=\"2069\" data-end=\"2105\">Ispraviti ili a\u017eurirati svoje podatke<\/p><\/li><li data-start=\"2106\" data-end=\"2138\"><p data-start=\"2108\" data-end=\"2138\">Povucite privolu u bilo kojem trenutku<\/p><\/li><li data-start=\"2139\" data-end=\"2172\"><p data-start=\"2141\" data-end=\"2172\">Zatra\u017eiti brisanje svojih podataka<\/p><\/li><\/ul><p data-start=\"2174\" data-end=\"2233\">Da biste ostvarili ova prava, po\u0161aljite nam e-po\u0161tu na <strong data-start=\"2212\" data-end=\"2232\"><a class=\"cursor-pointer\" rel=\"noopener\" data-start=\"2214\" data-end=\"2230\">info@isthaar.com<\/a><\/strong>.<\/p><h3 data-start=\"2240\" data-end=\"2261\">6. Vanjske poveznice<\/h3><p data-start=\"2263\" data-end=\"2366\">Na\u0161a stranica mo\u017ee sadr\u017eavati poveznice na web stranice tre\u0107ih strana. Nismo odgovorni za njihove prakse privatnosti.<\/p><h3 data-start=\"2373\" data-end=\"2398\">7. Privatnost djece<\/h3><p data-start=\"2400\" data-end=\"2489\">Na\u0161e su usluge namijenjene odraslima (18+). Svjesno ne prikupljamo podatke od maloljetnika.<\/p><h3 data-start=\"4389\" data-end=\"4406\">Kontaktirajte nas<\/h3><p data-start=\"4462\" data-end=\"4550\">Ako imate pitanja o ovim Uvjetima, kontaktirajte nas putem e-po\u0161te: <span style=\"color: #339966;\"><a class=\"cursor-pointer\" style=\"color: #339966;\" rel=\"noopener\" data-start=\"4532\" data-end=\"4548\">info@isthaar.com<\/a><\/span><\/p><p data-start=\"2400\" data-end=\"2489\">\u00a0<\/p>\t\t\t\t\t\t\t\t<\/div>\n\t\t\t\t\t<\/div>\n\t\t\t\t<\/div>\n\t\t\t\t<\/div>\n\t\t","protected":false},"excerpt":{"rendered":"<p>Politika privatnosti Datum stupanja na snagu: 23. srpnja 2025.Zadnje a\u017euriranje: 23. srpnja 2025. IST HAAR (\u201emi\u201c, \u201ena\u0161\u201c ili \u201enas\u201c) po\u0161tuje va\u0161u privatnost i predan je za\u0161titi osobnih podataka koje dijelite s nama. Ova Politika privatnosti opisuje kako prikupljamo, koristimo i \u0161titimo va\u0161e podatke kada posjetite na\u0161u web stranicu https:\/\/ist-haar.com\/ 1. Kako koristimo va\u0161e podatke Va\u0161i [&hellip;]<\/p>\n","protected":false},"author":2,"featured_media":0,"parent":0,"menu_order":0,"comment_status":"closed","ping_status":"closed","template":"","meta":{"footnotes":""},"class_list":["post-9878","page","type-page","status-publish","hentry"],"_links":{"self":[{"href":"https:\/\/ist-haar.com\/hr\/wp-json\/wp\/v2\/pages\/9878","targetHints":{"allow":["GET"]}}],"collection":[{"href":"https:\/\/ist-haar.com\/hr\/wp-json\/wp\/v2\/pages"}],"about":[{"href":"https:\/\/ist-haar.com\/hr\/wp-json\/wp\/v2\/types\/page"}],"author":[{"embeddable":true,"href":"https:\/\/ist-haar.com\/hr\/wp-json\/wp\/v2\/users\/2"}],"replies":[{"embeddable":true,"href":"https:\/\/ist-haar.com\/hr\/wp-json\/wp\/v2\/comments?post=9878"}],"version-history":[{"count":5,"href":"https:\/\/ist-haar.com\/hr\/wp-json\/wp\/v2\/pages\/9878\/revisions"}],"predecessor-version":[{"id":17460,"href":"https:\/\/ist-haar.com\/hr\/wp-json\/wp\/v2\/pages\/9878\/revisions\/17460"}],"wp:attachment":[{"href":"https:\/\/ist-haar.com\/hr\/wp-json\/wp\/v2\/media?parent=9878"}],"curies":[{"name":"wp","href":"https:\/\/api.w.org\/{rel}","templated":true}]}}