{"id":9884,"date":"2025-07-23T09:38:46","date_gmt":"2025-07-23T09:38:46","guid":{"rendered":"https:\/\/lightgrey-clam-602469.hostingersite.com\/uvjeti-i-odredbe\/"},"modified":"2025-09-25T05:13:27","modified_gmt":"2025-09-25T05:13:27","slug":"uvjeti-i-odredbe","status":"publish","type":"page","link":"https:\/\/ist-haar.com\/hr\/uvjeti-i-odredbe\/","title":{"rendered":"Uvjeti i odredbe"},"content":{"rendered":"\t\t<div data-elementor-type=\"wp-page\" data-elementor-id=\"9884\" class=\"elementor elementor-9884 elementor-709\" data-elementor-post-type=\"page\">\n\t\t\t\t<div class=\"elementor-element elementor-element-44d566c e-flex e-con-boxed e-con e-parent\" data-id=\"44d566c\" data-element_type=\"container\" data-settings=\"{&quot;background_background&quot;:&quot;classic&quot;}\">\n\t\t\t\t\t<div class=\"e-con-inner\">\n\t\t\t\t<div class=\"elementor-element elementor-element-d20d0f9 elementor-widget elementor-widget-heading\" data-id=\"d20d0f9\" data-element_type=\"widget\" data-widget_type=\"heading.default\">\n\t\t\t\t\t<h1 class=\"elementor-heading-title elementor-size-default\">Uvjeti i odredbe<\/h1>\t\t\t\t<\/div>\n\t\t\t\t\t<\/div>\n\t\t\t\t<\/div>\n\t\t<div class=\"elementor-element elementor-element-910031f e-flex e-con-boxed e-con e-parent\" data-id=\"910031f\" data-element_type=\"container\">\n\t\t\t\t\t<div class=\"e-con-inner\">\n\t\t\t\t<div class=\"elementor-element elementor-element-59233b7 elementor-widget elementor-widget-text-editor\" data-id=\"59233b7\" data-element_type=\"widget\" data-widget_type=\"text-editor.default\">\n\t\t\t\t\t\t\t\t\t<p data-start=\"2698\" data-end=\"2767\"><strong data-start=\"2698\" data-end=\"2717\">Datum stupanja na snagu:<\/strong> 23. srpnja 2025.<br data-start=\"2731\" data-end=\"2734\" \/><strong data-start=\"2734\" data-end=\"2751\">Zadnje a\u017euriranje:<\/strong> 23. srpnja 2025.<\/p><p data-start=\"2769\" data-end=\"3040\"><strong data-start=\"278\" data-end=\"290\">IST HAAR<\/strong> (\u201emi\u201c, \u201ena\u0161\u201c ili \u201enas\u201c) po\u0161tuje va\u0161u privatnost i predan je za\u0161titi osobnih podataka koje dijelite s nama. Ova Politika privatnosti opisuje kako prikupljamo, koristimo i \u0161titimo va\u0161e podatke kada posjetite na\u0161u web stranicu <span style=\"color: #339966;\"><a style=\"color: #339966;\" href=\"https:\/\/ist-haar.com\/\">https:\/\/ist-haar.com\/<\/a><\/span><\/p><hr data-start=\"4291\" data-end=\"4294\" \/><h3 data-start=\"3047\" data-end=\"3072\">\u00a0<\/h3><h3 data-start=\"3047\" data-end=\"3072\">1. Kori\u0161tenje web stranice<\/h3><ul data-start=\"3074\" data-end=\"3273\"><li data-start=\"3074\" data-end=\"3141\"><p data-start=\"3076\" data-end=\"3141\">Sadr\u017eaj na ovoj web stranici slu\u017ei samo u informativne svrhe.<\/p><\/li><li data-start=\"3142\" data-end=\"3200\"><p data-start=\"3144\" data-end=\"3200\">Morate imati najmanje 18 godina da biste koristili na\u0161e usluge.<\/p><\/li><li data-start=\"3201\" data-end=\"3273\"><p data-start=\"3203\" data-end=\"3273\">Nemojte zloupotrebljavati na\u0161u web stranicu uno\u0161enjem virusa ili \u0161tetnog sadr\u017eaja.<\/p><\/li><\/ul><h3 data-start=\"3280\" data-end=\"3305\">2. Medicinska izjava o odgovornosti<\/h3><ul data-start=\"3307\" data-end=\"3509\"><li data-start=\"3307\" data-end=\"3388\"><p data-start=\"3309\" data-end=\"3388\">Informacije na ovoj stranici nisu zamjena za profesionalni medicinski savjet.<\/p><\/li><li data-start=\"3389\" data-end=\"3438\"><p data-start=\"3391\" data-end=\"3438\">Rezultati postupaka transplantacije kose variraju.<\/p><\/li><li data-start=\"3439\" data-end=\"3509\"><p data-start=\"3441\" data-end=\"3509\">Posavjetujte se s licenciranim stru\u010dnjakom prije dono\u0161enja bilo kakvih medicinskih odluka.<\/p><\/li><\/ul><h3 data-start=\"3516\" data-end=\"3553\">3. Termini i konzultacije<\/h3><ul data-start=\"3555\" data-end=\"3748\"><li data-start=\"3555\" data-end=\"3624\"><p data-start=\"3557\" data-end=\"3624\">Svaka rezervacija konzultacija podlije\u017ee potvrdi na\u0161eg osoblja.<\/p><\/li><li data-start=\"3625\" data-end=\"3687\"><p data-start=\"3627\" data-end=\"3687\">Zadr\u017eavamo pravo otkazati ili promijeniti termine.<\/p><\/li><li data-start=\"3688\" data-end=\"3748\"><p data-start=\"3690\" data-end=\"3748\">Otkazivanja se trebaju izvr\u0161iti najmanje 24 sata unaprijed.<\/p><\/li><\/ul><h3 data-start=\"3755\" data-end=\"3783\">4. Intelektualno vlasni\u0161tvo<\/h3><ul data-start=\"3785\" data-end=\"3955\"><li data-start=\"3785\" data-end=\"3864\"><p data-start=\"3787\" data-end=\"3864\">Sav sadr\u017eaj web stranice (tekst, logotipi, slike, dizajn) u vlasni\u0161tvu je <strong data-start=\"3849\" data-end=\"3861\">IST HAAR<\/strong>.<\/p><\/li><li data-start=\"3865\" data-end=\"3955\"><p data-start=\"3867\" data-end=\"3955\">Ne smijete kopirati, mijenjati ili distribuirati bilo koji dio stranice bez pismenog dopu\u0161tenja.<\/p><\/li><\/ul><h3 data-start=\"3962\" data-end=\"3992\">5. Ograni\u010denje odgovornosti<\/h3><p data-start=\"3994\" data-end=\"4016\">Nismo odgovorni za:<\/p><ul data-start=\"4018\" data-end=\"4144\"><li data-start=\"4018\" data-end=\"4059\"><p data-start=\"4020\" data-end=\"4059\">Bilo kakvu neizravnu ili posljedi\u010dnu \u0161tetu<\/p><\/li><li data-start=\"4060\" data-end=\"4101\"><p data-start=\"4062\" data-end=\"4101\">Neto\u010dnosti ili pogre\u0161ke na web stranici<\/p><\/li><li data-start=\"4102\" data-end=\"4144\"><p data-start=\"4104\" data-end=\"4144\">Poveznice tre\u0107ih strana ili vanjske web stranice<\/p><\/li><\/ul><h3 data-start=\"4151\" data-end=\"4180\">6. Izmjene ovih uvjeta<\/h3><p data-start=\"4182\" data-end=\"4289\">Zadr\u017eavamo pravo a\u017eurirati ove Uvjete i odredbe u bilo kojem trenutku. Promjene \u0107e biti objavljene na ovoj stranici.<\/p><h3 data-start=\"4296\" data-end=\"4316\">7. Mjerodavno pravo<\/h3><p data-start=\"4318\" data-end=\"4382\">Ovi Uvjeti su regulirani zakonima dr\u017eave Kalifornije.<\/p><h3 data-start=\"4389\" data-end=\"4406\">Kontaktirajte nas<\/h3><p data-start=\"4462\" data-end=\"4550\">Ako imate pitanja o ovim Uvjetima, kontaktirajte nas putem e-po\u0161te: <span style=\"color: #339966;\"><a class=\"cursor-pointer\" style=\"color: #339966;\" rel=\"noopener\" data-start=\"4532\" data-end=\"4548\">info@isthaar.com<\/a><\/span><\/p>\t\t\t\t\t\t\t\t<\/div>\n\t\t\t\t\t<\/div>\n\t\t\t\t<\/div>\n\t\t\t\t<\/div>\n\t\t","protected":false},"excerpt":{"rendered":"<p>Uvjeti i odredbe Datum stupanja na snagu: 23. srpnja 2025.Zadnje a\u017euriranje: 23. srpnja 2025. IST HAAR (\u201emi\u201c, \u201ena\u0161\u201c ili \u201enas\u201c) po\u0161tuje va\u0161u privatnost i predan je za\u0161titi osobnih podataka koje dijelite s nama. Ova Politika privatnosti opisuje kako prikupljamo, koristimo i \u0161titimo va\u0161e podatke kada posjetite na\u0161u web stranicu https:\/\/ist-haar.com\/ 1. Kori\u0161tenje web stranice Sadr\u017eaj [&hellip;]<\/p>\n","protected":false},"author":2,"featured_media":0,"parent":0,"menu_order":0,"comment_status":"closed","ping_status":"closed","template":"","meta":{"footnotes":""},"class_list":["post-9884","page","type-page","status-publish","hentry"],"_links":{"self":[{"href":"https:\/\/ist-haar.com\/hr\/wp-json\/wp\/v2\/pages\/9884","targetHints":{"allow":["GET"]}}],"collection":[{"href":"https:\/\/ist-haar.com\/hr\/wp-json\/wp\/v2\/pages"}],"about":[{"href":"https:\/\/ist-haar.com\/hr\/wp-json\/wp\/v2\/types\/page"}],"author":[{"embeddable":true,"href":"https:\/\/ist-haar.com\/hr\/wp-json\/wp\/v2\/users\/2"}],"replies":[{"embeddable":true,"href":"https:\/\/ist-haar.com\/hr\/wp-json\/wp\/v2\/comments?post=9884"}],"version-history":[{"count":5,"href":"https:\/\/ist-haar.com\/hr\/wp-json\/wp\/v2\/pages\/9884\/revisions"}],"predecessor-version":[{"id":17461,"href":"https:\/\/ist-haar.com\/hr\/wp-json\/wp\/v2\/pages\/9884\/revisions\/17461"}],"wp:attachment":[{"href":"https:\/\/ist-haar.com\/hr\/wp-json\/wp\/v2\/media?parent=9884"}],"curies":[{"name":"wp","href":"https:\/\/api.w.org\/{rel}","templated":true}]}}